{"id":65,"date":"2015-08-09T17:15:48","date_gmt":"2015-08-09T15:15:48","guid":{"rendered":"http:\/\/new.vetter-mcaw.net\/?page_id=65"},"modified":"2019-09-17T18:30:34","modified_gmt":"2019-09-17T16:30:34","slug":"pruefungen","status":"publish","type":"page","link":"https:\/\/www.vetter-mcaw.net\/de\/pruefungen\/","title":{"rendered":"Pr\u00fcfungen"},"content":{"rendered":"<p><\/p>\n<table border=\"0\" width=\"700\" cellspacing=\"0\" cellpadding=\"0\">\n<tbody>\n<tr>\n<td valign=\"top\" width=\"570\" height=\"939\"><span style=\"color: #003366; font-size: medium;\"><i><br \/>\n<\/i><\/span><span style=\"color: #334e9d; font-family: Helvetica, Geneva, Arial, SunSans-Regular, sans-serif; font-size: xx-large;\">Pr\u00fcfungen<br \/>\n<\/span><span style=\"color: #334e9d; font-family: Helvetica, Geneva, Arial, SunSans-Regular, sans-serif; font-size: medium;\"><span style=\"color: #334e9d; font-family: Helvetica, Geneva, Arial, SunSans-Regular, sans-serif; font-size: medium;\"><i>Sprachkompetenz wird messbar und europaweit vergleichbar<\/i><\/span><\/span><span style=\"color: #003366; font-size: medium;\"><i><br \/>\n<\/i><\/span><span style=\"font-family: Helvetica, Geneva, Arial, SunSans-Regular, sans-serif; font-size: medium;\"><span style=\"font-family: Helvetica, Geneva, Arial, SunSans-Regular, sans-serif; font-size: medium;\">telc Language Tests ist\u00a0ein System von Sprachpr\u00fcfungen, die sich am Referenzrahmen des Europarates f\u00fcr das Sprachenlernen orientieren.<br \/>\nInfos:<br \/>\n<a href=\"http:\/\/de.wikipedia.org\/wiki\/Gemeinsamer_Europ%C3%A4ischer_Referenzrahmen\">http:\/\/de.wikipedia.org\/wiki\/Gemeinsamer_Europ\u00e4ischer_Referenzrahmen<\/a><\/span><\/span><\/p>\n<p>Heutzutage hat jeder die Verantwortung sich weiterzubilden. Mit einem telc Zertifikat haben Sie eine schriftliche Qualifikation, die in ganz Europa anerkannt wird.Als zertifizierte telc-Pr\u00fcferin kann ich effektiv Pr\u00fcfungsvorbereitung durchf\u00fchren f\u00fcr alle telc English Language Tests<\/p>\n<p>Infos:<br \/>\n<a href=\"http:\/\/www.telc.net\/pruefungsteilnehmende\/sprachpruefungen.html\">telc Sprachpr\u00fcfungen<\/a><\/p>\n<p align=\"center\"><span style=\"color: red; font-family: Helvetica, Geneva, Arial, SunSans-Regular, sans-serif; font-size: large;\"><strong><em>Hier k\u00f6nnen Sie Ihren Englisch-Level testen:<br \/>\n<\/em><\/strong><\/span><span style=\"font-family: Helvetica, Geneva, Arial, SunSans-Regular, sans-serif; font-size: medium;\"><a href=\"http:\/\/www.sprachtest.de\/\">www.sprachtest.de<\/a><\/span><\/p>\n<\/td>\n<\/tr>\n<\/tbody>\n<\/table>\n<p><\/p>","protected":false},"excerpt":{"rendered":"<p>Pr\u00fcfungen Sprachkompetenz wird messbar und europaweit vergleichbar telc Language Tests ist\u00a0ein System von Sprachpr\u00fcfungen, die sich am Referenzrahmen des Europarates f\u00fcr das Sprachenlernen orientieren. Infos: http:\/\/de.wikipedia.org\/wiki\/Gemeinsamer_Europ\u00e4ischer_Referenzrahmen Heutzutage hat jeder die Verantwortung sich weiterzubilden. Mit einem telc Zertifikat haben Sie eine schriftliche Qualifikation, die in ganz Europa anerkannt wird.Als zertifizierte telc-Pr\u00fcferin kann ich effektiv Pr\u00fcfungsvorbereitung durchf\u00fchren &hellip; <a href=\"https:\/\/www.vetter-mcaw.net\/de\/pruefungen\/\" class=\"more-link\"><span class=\"screen-reader-text\">Pr\u00fcfungen<\/span> weiterlesen<\/a><\/p>\n","protected":false},"author":1,"featured_media":0,"parent":0,"menu_order":0,"comment_status":"closed","ping_status":"closed","template":"","meta":{"footnotes":""},"class_list":["post-65","page","type-page","status-publish","hentry"],"_links":{"self":[{"href":"https:\/\/www.vetter-mcaw.net\/de\/wp-json\/wp\/v2\/pages\/65","targetHints":{"allow":["GET"]}}],"collection":[{"href":"https:\/\/www.vetter-mcaw.net\/de\/wp-json\/wp\/v2\/pages"}],"about":[{"href":"https:\/\/www.vetter-mcaw.net\/de\/wp-json\/wp\/v2\/types\/page"}],"author":[{"embeddable":true,"href":"https:\/\/www.vetter-mcaw.net\/de\/wp-json\/wp\/v2\/users\/1"}],"replies":[{"embeddable":true,"href":"https:\/\/www.vetter-mcaw.net\/de\/wp-json\/wp\/v2\/comments?post=65"}],"version-history":[{"count":20,"href":"https:\/\/www.vetter-mcaw.net\/de\/wp-json\/wp\/v2\/pages\/65\/revisions"}],"predecessor-version":[{"id":589,"href":"https:\/\/www.vetter-mcaw.net\/de\/wp-json\/wp\/v2\/pages\/65\/revisions\/589"}],"wp:attachment":[{"href":"https:\/\/www.vetter-mcaw.net\/de\/wp-json\/wp\/v2\/media?parent=65"}],"curies":[{"name":"wp","href":"https:\/\/api.w.org\/{rel}","templated":true}]}}