{"id":388,"date":"2018-07-08T16:40:53","date_gmt":"2018-07-08T14:40:53","guid":{"rendered":"http:\/\/www.vetter-mcaw.net\/?page_id=388"},"modified":"2020-04-14T11:34:40","modified_gmt":"2020-04-14T09:34:40","slug":"brainfit-englisch-fuer-senioren","status":"publish","type":"page","link":"https:\/\/www.vetter-mcaw.net\/de\/brainfit-englisch-fuer-senioren\/","title":{"rendered":"BrainFit ~ Englisch f\u00fcr Senioren"},"content":{"rendered":"<p><strong>You\u2019re never too old to learn something new!<\/strong><\/p>\n<p>Wir alle wissen, dass es wichtig ist, unser Gehirn aktiv zu halten. Das Training des Gehirns ist genauso wichtig wie das Training des K\u00f6rpers.<\/p>\n<p>&#8222;Einer der f\u00fcnf Wege zum Wohlbefinden ist es, weiter zu lernen und das aus sehr guten Gr\u00fcnden. Der Lernprozess h\u00e4lt die Neuronen am Laufen, wodurch das Ged\u00e4chtnis gest\u00e4rkt und die Aufmerksamkeit verbessert wird. Und er hat das Potenzial, Demenz abzuwehren.&#8220;<br \/>\n<em>Martin Rogan, Gesch\u00e4ftsf\u00fchrer von Mental Health Ireland<\/em><\/p>\n<p>Schlie\u00dfen Sie sich einer Englischgruppe an: Trainieren Sie Ihr Gehirn, finden Sie neue Freunde, erreichen Sie ein Ziel und geben Sie sich ein Erfolgserlebnis.<\/p>\n<p>In den 90-min\u00fctigen Einheiten werden wir Grammatik erarbeiten, neue W\u00f6rter lernen und \u00fcber ein interessantes Thema reden. Vor allem werden Sie ermutigt, in kleinem Kreis und in freundlicher Atmosph\u00e4re Englisch zu sprechen.<br \/>\n<strong><br \/>\nNeue Gruppen nach Vereinbarung<\/strong><\/p>","protected":false},"excerpt":{"rendered":"<p>You\u2019re never too old to learn something new! Wir alle wissen, dass es wichtig ist, unser Gehirn aktiv zu halten. Das Training des Gehirns ist genauso wichtig wie das Training des K\u00f6rpers. &#8222;Einer der f\u00fcnf Wege zum Wohlbefinden ist es, weiter zu lernen und das aus sehr guten Gr\u00fcnden. Der Lernprozess h\u00e4lt die Neuronen am &hellip; <a href=\"https:\/\/www.vetter-mcaw.net\/de\/brainfit-englisch-fuer-senioren\/\" class=\"more-link\"><span class=\"screen-reader-text\">BrainFit ~ Englisch f\u00fcr Senioren<\/span> weiterlesen<\/a><\/p>\n","protected":false},"author":1,"featured_media":0,"parent":0,"menu_order":0,"comment_status":"closed","ping_status":"closed","template":"","meta":{"footnotes":""},"class_list":["post-388","page","type-page","status-publish","hentry"],"_links":{"self":[{"href":"https:\/\/www.vetter-mcaw.net\/de\/wp-json\/wp\/v2\/pages\/388","targetHints":{"allow":["GET"]}}],"collection":[{"href":"https:\/\/www.vetter-mcaw.net\/de\/wp-json\/wp\/v2\/pages"}],"about":[{"href":"https:\/\/www.vetter-mcaw.net\/de\/wp-json\/wp\/v2\/types\/page"}],"author":[{"embeddable":true,"href":"https:\/\/www.vetter-mcaw.net\/de\/wp-json\/wp\/v2\/users\/1"}],"replies":[{"embeddable":true,"href":"https:\/\/www.vetter-mcaw.net\/de\/wp-json\/wp\/v2\/comments?post=388"}],"version-history":[{"count":7,"href":"https:\/\/www.vetter-mcaw.net\/de\/wp-json\/wp\/v2\/pages\/388\/revisions"}],"predecessor-version":[{"id":811,"href":"https:\/\/www.vetter-mcaw.net\/de\/wp-json\/wp\/v2\/pages\/388\/revisions\/811"}],"wp:attachment":[{"href":"https:\/\/www.vetter-mcaw.net\/de\/wp-json\/wp\/v2\/media?parent=388"}],"curies":[{"name":"wp","href":"https:\/\/api.w.org\/{rel}","templated":true}]}}