{"id":118,"date":"2015-08-09T20:48:00","date_gmt":"2015-08-09T18:48:00","guid":{"rendered":"http:\/\/new.vetter-mcaw.net\/?page_id=118"},"modified":"2018-07-26T13:21:43","modified_gmt":"2018-07-26T11:21:43","slug":"referenzen","status":"publish","type":"page","link":"https:\/\/www.vetter-mcaw.net\/de\/referenzen\/","title":{"rendered":"Referenzen"},"content":{"rendered":"<p>###<br \/>\n<\/br><br \/>\nSeit ca. 2 Jahren gehe ich als &#8220; nicht mehr Berufst\u00e4tige &#8220; regelm\u00e4\u00dfig in einen Englischunterricht bei Suzanne. Wir sind eine kleine Gruppe , ( maximal 6 Personen ) haben zwar als Grundlage ein Englisch-Buch, aber die Hauptsache ist  das Sprechen in englischer Sprache. Es ist ein ansprechender, abwechslungsreicher Unterricht, erf\u00fcllt voll und ganz meine Vorstellungen und macht viel Spa\u00df. Beim Briefwechsel mit englischen Freunden merke ich den Fortschritt, da mein Englisch wieder fl\u00fcssiger wird.<br \/>\nUnd noch ein Vorteil, mein Gehirn mu\u00df sich anstrengen.<\/p>\n<p><em>Gerlinde F.,  Kirberg<\/em><br \/>\nJuly 2018<br \/>\n<\/br><br \/>\n###<br \/>\n<\/br><br \/>\nF\u00fcr mich steht Suzannes Unterricht f\u00fcr:<br \/>\n   &#8226; Englisch lernen und dabei Spa\u00df haben<br \/>\n   &#8226; interessante Gespr\u00e4che<br \/>\n   &#8226; den Fokus aufs Sprechen<br \/>\n   &#8226; eine ungezwungene und angenehme Atmosph\u00e4re mit netten Menschen<br \/>\n   &#8226; verschiedene spezielle Aktivit\u00e4ten wie: &#8218;Experience English Day&#8216;, Filmabende oder Theaterbesuche<br \/>\n   &#8226; fundierte Informationen<br \/>\n   &#8226; vielf\u00e4ltige Inhalte<br \/>\n   &#8226; eine sehr engagierte Lehrerin, die die verschiedenen Sprachniveaus der Teilnehmer problemlos bew\u00e4ltigt<br \/>\n   &#8226; faire Preise!<\/p>\n<p><em>Sabine Kl.<br \/>\nIT Project Manager<\/em><br \/>\nJuni 2018<br \/>\n<\/br><br \/>\n###<br \/>\n<\/br><br \/>\nIch nehme seit 2012 an der Samstagsgruppe teil. Meine Englischkenntnisse lagen zwischen Level A1 und A2, als ich anfing. Jetzt ist es B1.<br \/>\nMir gef\u00e4llt, wie Suzanne den Unterricht gestaltet, weil es eine gute Balance zwischen Grammatik und aktuellen Themen gibt. In der Gruppe finde ich es viel leichter zu lernen.<br \/>\nDank der Unterst\u00fctzung der anderen Teilnehmer konnte ich meinen Wortschatz wirklich verbessern und ausbauen.<\/p>\n<p><em>Myriam S.<br \/>\nLab technician<\/em><br \/>\nJuni 2018<br \/>\n<\/br><br \/>\n###<br \/>\n<\/br><br \/>\nIch habe in den letzten sechs Jahren an verschiedenen Kursen teilgenommen, von Einzelunterricht bis hin zu Gruppen-Workshops oder Einzelunterricht zu speziellen Konditionen.<br \/>\nSuzanne verwendet eine Vielzahl von Methoden und hat immer gute Beispiele, um jeden Lernpunkt zu veranschaulichen.<br \/>\nIn den Kursen, die ich besucht habe, habe ich gute Fortschritte gemacht und konnte meine Englischkenntnisse effektiv verbessern.<\/p>\n<p><em>Ralf J.<br \/>\nKey Account Manager<\/em><br \/>\nJuni 2018<br \/>\n<\/br><br \/>\n###<br \/>\n<\/br><br \/>\nSeit ich von Suzanne unterrichtet wurde, habe ich bessere Fortschritte in meinem Englisch gemacht. Sie gibt sehr gute Tipps zum Erlernen der Sprache.<br \/>\nSuzanne ist immer freundlich und geduldig &#8211; eine wirklich professionelle Lehrerin.<\/p>\n<p><em>Sabine K.<br \/>\nClinical Trials Administrator<\/em><br \/>\nJuni 2018<br \/>\n<\/br><br \/>\n###<br \/>\n<\/br><br \/>\nLiebe Suzanne<br \/>\nDank Ihres Coachings \u2013 habe ich den Job!<br \/>\nWas f\u00fcr eine unglaubliche Gelegenheit!<\/p>\n<p><em>Dr. Regina C. Will, American Hospital Dubai<\/em> seit Juni 2011<br \/>\n<a href=\"https:\/\/www.ahdubai.com\/en\/services\/gastroenterology\/?doc=2887\" target=\"_blank\">Link to American Hospital Dubai<\/a><br \/>\n<\/br><br \/>\n###<\/p>","protected":false},"excerpt":{"rendered":"<p>### Seit ca. 2 Jahren gehe ich als &#8220; nicht mehr Berufst\u00e4tige &#8220; regelm\u00e4\u00dfig in einen Englischunterricht bei Suzanne. Wir sind eine kleine Gruppe , ( maximal 6 Personen ) haben zwar als Grundlage ein Englisch-Buch, aber die Hauptsache ist das Sprechen in englischer Sprache. Es ist ein ansprechender, abwechslungsreicher Unterricht, erf\u00fcllt voll und ganz &hellip; <a href=\"https:\/\/www.vetter-mcaw.net\/de\/referenzen\/\" class=\"more-link\"><span class=\"screen-reader-text\">Referenzen<\/span> weiterlesen<\/a><\/p>\n","protected":false},"author":1,"featured_media":0,"parent":0,"menu_order":0,"comment_status":"closed","ping_status":"closed","template":"","meta":{"footnotes":""},"class_list":["post-118","page","type-page","status-publish","hentry"],"_links":{"self":[{"href":"https:\/\/www.vetter-mcaw.net\/de\/wp-json\/wp\/v2\/pages\/118","targetHints":{"allow":["GET"]}}],"collection":[{"href":"https:\/\/www.vetter-mcaw.net\/de\/wp-json\/wp\/v2\/pages"}],"about":[{"href":"https:\/\/www.vetter-mcaw.net\/de\/wp-json\/wp\/v2\/types\/page"}],"author":[{"embeddable":true,"href":"https:\/\/www.vetter-mcaw.net\/de\/wp-json\/wp\/v2\/users\/1"}],"replies":[{"embeddable":true,"href":"https:\/\/www.vetter-mcaw.net\/de\/wp-json\/wp\/v2\/comments?post=118"}],"version-history":[{"count":16,"href":"https:\/\/www.vetter-mcaw.net\/de\/wp-json\/wp\/v2\/pages\/118\/revisions"}],"predecessor-version":[{"id":413,"href":"https:\/\/www.vetter-mcaw.net\/de\/wp-json\/wp\/v2\/pages\/118\/revisions\/413"}],"wp:attachment":[{"href":"https:\/\/www.vetter-mcaw.net\/de\/wp-json\/wp\/v2\/media?parent=118"}],"curies":[{"name":"wp","href":"https:\/\/api.w.org\/{rel}","templated":true}]}}