{"id":114,"date":"2015-08-09T20:41:31","date_gmt":"2015-08-09T18:41:31","guid":{"rendered":"http:\/\/new.vetter-mcaw.net\/?page_id=114"},"modified":"2022-04-13T21:05:20","modified_gmt":"2022-04-13T19:05:20","slug":"business","status":"publish","type":"page","link":"https:\/\/www.vetter-mcaw.net\/de\/business\/","title":{"rendered":"English Tip of the Month"},"content":{"rendered":"<p><\/p>\n<hr \/>\n<p>Mai 2022<\/p>\n<p><img loading=\"lazy\" decoding=\"async\" class=\"alignnone size-medium wp-image-815\" src=\"https:\/\/www.vetter-mcaw.net\/wp-content\/uploads\/2020\/05\/mayday-image-300x187.jpg\" alt=\"\" width=\"300\" height=\"187\" srcset=\"https:\/\/www.vetter-mcaw.net\/wp-content\/uploads\/2020\/05\/mayday-image-300x187.jpg 300w, https:\/\/www.vetter-mcaw.net\/wp-content\/uploads\/2020\/05\/mayday-image.jpg 730w\" sizes=\"auto, (max-width: 300px) 100vw, 300px\" \/><\/p>\n<p>Photo by <a href=\"https:\/\/unsplash.com\/@_entreprenerd?utm_source=unsplash&amp;utm_medium=referral&amp;utm_content=creditCopyText\">Arno Smit<\/a> on <a href=\"https:\/\/unsplash.com\/s\/photos\/blossom?utm_source=unsplash&amp;utm_medium=referral&amp;utm_content=creditCopyText\">Unsplash<\/a><\/p>\n<p><strong><span style=\"color: #333399;\">May Day<\/span><\/strong><\/p>\n<p>Die gesetzlichen Feiertage in Deutschland und England liegen oft an unterschiedlichen Tagen. Der Grund daf\u00fcr ist, dass englische Feiertage, die nicht an den Kirchenkalender gebunden sind, in der Regel auf einen Montag fallen. So liegt der Maifeiertag in England am Montag, dem 2. Mai 2022. Traditionell wird am Maifeiertag ein Maibaum auf dem Dorfplatz aufgestellt, an dessen Spitze bunte B\u00e4nder befestigt sind, und die Menschen tanzen um ihn herum, wobei sie mit den B\u00e4ndern ein sch\u00f6nes Muster bilden. (s. Maypole Dance auf YouTube)<\/p>\n<p>Feiertage werden auch als Bank Holiday bezeichnet. Der Name geht auf ein Gesetz aus dem Jahr 1871 zur\u00fcck, das festlegte, dass niemand an einem Bankfeiertag Zahlungen zu leisten hatte, und der erste Montag im Mai wurde als einer dieser besonderen Tage benannt. Der Fr\u00fchlingsfeiertag ist der letzte Montag im Mai und der Sp\u00e4tsommerfeiertag ist der letzte Montag im August. InEngland ist ein langes Wochenende also Samstag, Sonntag, Montag, und das sind die Wochenenden, an denen Sie am besten die Autobahnen vermeiden!<\/p>\n<hr \/>\n<p>Februar 2021<\/p>\n<p><img loading=\"lazy\" decoding=\"async\" class=\"alignnone size-full wp-image-906\" src=\"https:\/\/www.vetter-mcaw.net\/wp-content\/uploads\/2021\/02\/240_F_234813383_bE3zVSXclqYEDKxRtDazfB54jfSRsHCK.jpg\" alt=\"\" width=\"240\" height=\"240\" srcset=\"https:\/\/www.vetter-mcaw.net\/wp-content\/uploads\/2021\/02\/240_F_234813383_bE3zVSXclqYEDKxRtDazfB54jfSRsHCK.jpg 240w, https:\/\/www.vetter-mcaw.net\/wp-content\/uploads\/2021\/02\/240_F_234813383_bE3zVSXclqYEDKxRtDazfB54jfSRsHCK-150x150.jpg 150w\" sizes=\"auto, (max-width: 240px) 100vw, 240px\" \/><\/p>\n<p><span style=\"color: #333399;\"><strong>Would you mind?<\/strong><\/span><\/p>\n<p>Es gibt eine Frage, bei der die beste Antwort \u201cnein&#8220; ist! Es ist eine indirekte Frage:<br \/>\n&#8222;Would you mind opening the window?\u201d = &#8222;W\u00fcrde es Ihnen etwas ausmachen, das Fenster zu \u00f6ffnen?&#8220;<br \/>\nWenn Ihnen die Idee, das Fenster zu \u00f6ffnen, gef\u00e4llt und es kein Problem f\u00fcr Sie ist, dann ist die richtige Antwort: \u201cNo, not at all!&#8220;<\/p>\n<p>&#8222;Would you mind repeating that?\u201d<br \/>\n&#8222;No problem!\u201d<\/p>\n<hr \/>\n<p>Dezember 2020<\/p>\n<p><img loading=\"lazy\" decoding=\"async\" class=\"alignnone size-medium wp-image-898\" src=\"https:\/\/www.vetter-mcaw.net\/wp-content\/uploads\/2020\/12\/christmas_image-200x300.jpg\" alt=\"\" width=\"200\" height=\"300\" srcset=\"https:\/\/www.vetter-mcaw.net\/wp-content\/uploads\/2020\/12\/christmas_image-200x300.jpg 200w, https:\/\/www.vetter-mcaw.net\/wp-content\/uploads\/2020\/12\/christmas_image.jpg 613w\" sizes=\"auto, (max-width: 200px) 100vw, 200px\" \/><\/p>\n<p>Photo by <a href=\"https:\/\/www.pexels.com\/@any-lane?utm_content=attributionCopyText&amp;utm_medium=referral&amp;utm_source=pexels\">Any Lane<\/a> on <a href=\"https:\/\/www.pexels.com\/photo\/xmas-decorations-on-brick-wall-above-fireplace-5727887\/?utm_content=attributionCopyText&amp;utm_medium=referral&amp;utm_source=pexels\">Pexels<\/a><\/p>\n<p><span style=\"color: #000080;\"><strong>Wussten Sie, dass es eine Zeit gab, in der Weihnachten in Gro\u00dfbritannien verboten war?<\/strong><\/span><\/p>\n<p>Ja, von 1644 &#8211; 1659 war es gesetzlich verboten, Weihnachten zu feiern. In der Zeit, als Oliver Cromwell regierte, wurde man bestraft und konnten ins Gef\u00e4ngnis geworfen werden, wenn man den 25. Dezember als einen besonderen Tag feierte. Die puritanische Regierung schaffte das Fest ab, weil sie in der Bibel keine Grundlage daf\u00fcr sah und nicht wollte, dass die Menschen Weihnachten als Vorwand benutzen, um zu viel zu essen und zu trinken! Was w\u00fcrden die Puritaner sagen, wenn sie uns heute sehen w\u00fcrden? Egal! Lasst euch dadurch die Freude am Fest nicht verderben! Heute feiern die Briten mit derselben Inbrunst wie die Deutschen!<\/p>\n<p>Happy Christmas!<\/p>\n<hr \/>\n<p>Oktober 2020<\/p>\n<p><img loading=\"lazy\" decoding=\"async\" class=\"alignnone size-medium wp-image-853\" src=\"https:\/\/www.vetter-mcaw.net\/wp-content\/uploads\/2020\/09\/jonathan-pielmayer-hdtWGLz8lDc-unsplash.jpg\" alt=\"\" width=\"1\" height=\"1\" srcset=\"https:\/\/www.vetter-mcaw.net\/wp-content\/uploads\/2020\/09\/jonathan-pielmayer-hdtWGLz8lDc-unsplash.jpg 6000w, https:\/\/www.vetter-mcaw.net\/wp-content\/uploads\/2020\/09\/jonathan-pielmayer-hdtWGLz8lDc-unsplash-150x150.jpg 150w, https:\/\/www.vetter-mcaw.net\/wp-content\/uploads\/2020\/09\/jonathan-pielmayer-hdtWGLz8lDc-unsplash-300x200.jpg 300w, https:\/\/www.vetter-mcaw.net\/wp-content\/uploads\/2020\/09\/jonathan-pielmayer-hdtWGLz8lDc-unsplash-768x512.jpg 768w, https:\/\/www.vetter-mcaw.net\/wp-content\/uploads\/2020\/09\/jonathan-pielmayer-hdtWGLz8lDc-unsplash-1024x683.jpg 1024w\" sizes=\"auto, (max-width: 1px) 100vw, 1px\" \/><img loading=\"lazy\" decoding=\"async\" class=\"alignnone size-medium wp-image-853\" src=\"https:\/\/www.vetter-mcaw.net\/wp-content\/uploads\/2020\/09\/jonathan-pielmayer-hdtWGLz8lDc-unsplash-300x200.jpg\" alt=\"\" width=\"300\" height=\"200\" srcset=\"https:\/\/www.vetter-mcaw.net\/wp-content\/uploads\/2020\/09\/jonathan-pielmayer-hdtWGLz8lDc-unsplash-300x200.jpg 300w, https:\/\/www.vetter-mcaw.net\/wp-content\/uploads\/2020\/09\/jonathan-pielmayer-hdtWGLz8lDc-unsplash-768x512.jpg 768w, https:\/\/www.vetter-mcaw.net\/wp-content\/uploads\/2020\/09\/jonathan-pielmayer-hdtWGLz8lDc-unsplash-1024x683.jpg 1024w\" sizes=\"auto, (max-width: 300px) 100vw, 300px\" \/><\/p>\n<p>Photo by <a href=\"https:\/\/unsplash.com\/@jonathanpielmayer\">Jonathan Pielmayer<\/a> on <a href=\"https:\/\/unsplash.com\/photos\/hdtWGLz8lDc\">Unsplash<\/a><\/p>\n<p><span style=\"color: #333399;\"><strong>Elevenses<\/strong><\/span><\/p>\n<p><span class=\"\" lang=\"EN-GB\"><span class=\"\"><em>Elevenses<\/em> ist eine typische Pause am Vormittag. Es ist die Zeit, in der man zwischen Fr\u00fchst\u00fcck und Mittagessen hungrig ist. Elf Uhr ist darum die perfekte Zeit f\u00fcr die Engl\u00e4nder! Trinke eine Tasse Tee oder Kaffee, iss ein oder zwei Kekse und tanke deine Batterie auf. Diese Pausenzeit findet \u00fcberall auf der Welt statt, hat aber in den verschiedenen L\u00e4ndern unterschiedliche Namen, an manchen Orten wird sie vielleicht sogar &#8222;zweites Fr\u00fchst\u00fcck&#8220; genannt! Wenn du also gegen 11 Uhr morgens etwas hungrig bist, f\u00fchle dich nicht schuldig, das ist ganz nat\u00fcrlich und das Gef\u00fchl ist auf der ganzen Welt bekannt.<\/span><\/span><\/p>\n<hr \/>\n<p>April 2020<\/p>\n<p><img loading=\"lazy\" decoding=\"async\" class=\"alignnone size-medium wp-image-806\" src=\"https:\/\/www.vetter-mcaw.net\/wp-content\/uploads\/2020\/04\/Easter-blog-N-1-300x200.jpg\" alt=\"\" width=\"300\" height=\"200\" srcset=\"https:\/\/www.vetter-mcaw.net\/wp-content\/uploads\/2020\/04\/Easter-blog-N-1-300x200.jpg 300w, https:\/\/www.vetter-mcaw.net\/wp-content\/uploads\/2020\/04\/Easter-blog-N-1.jpg 640w\" sizes=\"auto, (max-width: 300px) 100vw, 300px\" \/><\/p>\n<p class=\"western\">Photo by <a href=\"https:\/\/unsplash.com\/@jasmine_waheed?utm_source=unsplash&amp;utm_medium=referral&amp;utm_content=creditCopyText\">Jasmine Waheed<\/a> on <a href=\"https:\/\/unsplash.com\/photos\/dRJGQAu6x8U\">Unsplash<\/a><\/p>\n<p class=\"western\" align=\"JUSTIFY\">Die Osterbr\u00e4uche sind in Europa unterschiedlich, aber das Ei als Symbol f\u00fcr die Auferstehung Christi am Ostertag und f\u00fcr neues Leben und Hoffnung spielt \u00fcberall eine gro\u00dfe Rolle. Die Sitte, gef\u00e4rbte und hartgekochte Eier zu essen, ist in Gro\u00dfbritannien unbekannt. Ein richtiges Osterei ist f\u00fcr uns ein gro\u00dfes Schokoladen-Ei (7 &#8211; 10 cm), gef\u00fcllt mit Pralinen, eingewickelt in bunte Silberfolie und verpackt in einer gro\u00dfen Schachtel. Wir h\u00e4ngen auch keine Eier in B\u00e4ume oder an \u00c4ste. Stattdessen haben wir andere Br\u00e4uche.<\/p>\n<p class=\"western\" align=\"JUSTIFY\">Fr\u00fcher hat man am Ostersonntag in der Kirche bunte H\u00fcte getragen, um die Freude des Feiertages auszudr\u00fccken. Heutzutage verbringen Schulkinder Wochen damit, Papierdekorationen wie bunte Eier, Kaninchen oder Blumen auf ihre Osterh\u00fcte zu kleben. Dann paradieren sie vor ihren Lehrern und Eltern. Der beste Hut wird ausgew\u00e4hlt und gewinnt einen Preis. Wenn Sie \u201eEaster bonnets\u201c googeln, finden Sie viele Fotos.<\/p>\n<p class=\"western\" align=\"JUSTIFY\">Eine andere beliebte Tradition ist das Hot-Cross-Bun, das Wochen vor Ostern zu Verkauf steht, aber traditionell am Karfreitag gegessen wird. Dieses k\u00f6stliche, w\u00fcrzige Br\u00f6tchen mit Rosinen, Muskatnuss, Zimt und Ingwer hat ein Kreuz auf der Oberseite, um an das Opfer Jesu zu erinnern. Eine weitere Tradition ist ein spezielles Ostergeb\u00e4ck, \u201eSimnel Cake\u201c. Es handelt sich um einen Kuchen mit viel Trockenobst, der mit Marzipan \u00fcberzogen ist und auf dessen Oberseite elf Kugeln Marzipan liegen, die die Apostel (ohne Judas) darstellen.<\/p>\n<p class=\"western\" align=\"JUSTIFY\">Auch wenn Ostern in diesem Jahr ganz anders als sonst sein wird, k\u00f6nnen wir unsere Osterbr\u00e4uche genie\u00dfen und dies zu einer besonderen Zeit machen. Ohne die Ereignisse von Ostern h\u00e4tten wir weder das Christentum noch w\u00fcrden wir uns Ostereier schenken &#8211; in welcher Form auch immer.<\/p>\n<p>M\u00e4rz 2020<\/p>\n<p><img loading=\"lazy\" decoding=\"async\" class=\"alignnone size-medium wp-image-754\" src=\"https:\/\/www.vetter-mcaw.net\/wp-content\/uploads\/2020\/03\/Internet-300x200.jpg\" alt=\"\" width=\"300\" height=\"200\" srcset=\"https:\/\/www.vetter-mcaw.net\/wp-content\/uploads\/2020\/03\/Internet-300x200.jpg 300w, https:\/\/www.vetter-mcaw.net\/wp-content\/uploads\/2020\/03\/Internet.jpg 640w\" sizes=\"auto, (max-width: 300px) 100vw, 300px\" \/><\/p>\n<p class=\"western\">Photo by <a href=\"https:\/\/unsplash.com\/@yapics\">Leon Seibert <\/a>on <a href=\"https:\/\/unsplash.com\/?utm_source=unsplash&amp;utm_medium=referral&amp;utm_content=creditCopyText\">Unsplash<\/a><\/p>\n<p class=\"western\"><span lang=\"en-US\" style=\"color: #333399;\"><b>Online Training<\/b><\/span><\/p>\n<p class=\"western\">In der jetzigen Situation ist es nicht so ratsam, viel unter Leuten zu sein, aber es gibt zum Gl\u00fcck das Internet! Warum nicht die Zeit konstruktiv f\u00fcr die Zukunft nutzen? Vorschl\u00e4ge f\u00fcr Onlineaktivit\u00e4ten finden Sie auf meiner Webseite. (<a href=\"http:\/\/vetter-mcaw.net\/\">vetter-mcaw.net<\/a>) Es ist auch m\u00f6glich, Englischunterricht als Einzelperson oder als Gruppe in einem virtuellen Klassenzimmer zu erleben. Sie m\u00fcssen nur einen Computer mit Kamera und Mikrophon, oder ein Smartphone haben. Interessiert? &#8230;dann nehmen Sie mit mir Kontakt auf: vetter-mcaw@gmx.net<\/p>\n<hr \/>\n<p>Januar 2020<\/p>\n<p><img loading=\"lazy\" decoding=\"async\" class=\"alignnone size-medium wp-image-739\" src=\"https:\/\/www.vetter-mcaw.net\/wp-content\/uploads\/2020\/01\/tip-300x200.jpg\" alt=\"\" width=\"300\" height=\"200\" srcset=\"https:\/\/www.vetter-mcaw.net\/wp-content\/uploads\/2020\/01\/tip-300x200.jpg 300w, https:\/\/www.vetter-mcaw.net\/wp-content\/uploads\/2020\/01\/tip-768x513.jpg 768w, https:\/\/www.vetter-mcaw.net\/wp-content\/uploads\/2020\/01\/tip-1024x683.jpg 1024w\" sizes=\"auto, (max-width: 300px) 100vw, 300px\" \/><\/p>\n<p>Photo by <a href=\"https:\/\/unsplash.com\/@judebeck?utm_source=unsplash&amp;utm_medium=referral&amp;utm_content=creditCopyText\">Jude Beck<\/a> on <a href=\"https:\/\/unsplash.com\/?utm_source=unsplash&amp;utm_medium=referral&amp;utm_content=creditCopyText\">Unsplash<\/a><\/p>\n<p><span style=\"color: #333399;\"><strong>Vorsatz f\u00fcr das neue Jahr?<\/strong><\/span><\/p>\n<p><a name=\"_GoBack\"><\/a> <span style=\"font-family: Arial, serif;\">Traurig aber wahr! Sprachkenntnisse, die nicht benutzt werden, verk\u00fcmmern. Aber es ist m\u00f6glich, etwas dagegen zu tun und z.B. das Einrosten der Englischkenntnisse zu verhindern. Nebenbei, sich mit einer Sprache zu besch\u00e4ftigen, ist gut f\u00fcr das Gehirn und die geistige Gesundheit. Auch die Kommunikation im Urlaub f\u00e4llt leichter.<\/span><\/p>\n<p><span style=\"color: #000000;\"><span style=\"font-family: Arial, serif;\">Aber wie?<\/span><\/span><\/p>\n<p><span style=\"color: #000000;\"><span style=\"font-family: Arial, serif;\"><b>Filme<\/b><\/span><\/span><span style=\"color: #000000;\"><span style=\"font-family: Arial, serif;\">: Wie w\u00e4re es, Filme in der Originalversion auf englisch anzuschauen? Wenn n\u00f6tig, k\u00f6nnen die Untertitel beim Verstehen helfen. <\/span><\/span><\/p>\n<p><span style=\"font-family: Arial, serif;\"><b>Internet<\/b><\/span><span style=\"font-family: Arial, serif;\">: Es gibt viele interessante Webseiten, die<\/span><span style=\"font-family: Arial, serif;\"><b> spannende Aktivit\u00e4ten<\/b><\/span><span style=\"font-family: Arial, serif;\"> anbieten. <a href=\"https:\/\/www.vetter-mcaw.net\/links-and-activities\/\">Hier<\/a> habe ich einige zusammengestellt.<\/span><\/p>\n<p><span style=\"font-family: Arial, serif; color: #333399;\"><b>Englische Aktivit\u00e4ten<\/b><\/span><strong><span style=\"font-family: Arial, serif;\"><span style=\"color: #333399;\">:<\/span> <\/span><\/strong><\/p>\n<p><span style=\"font-family: Arial, serif;\">Das<\/span><span style=\"font-family: Arial, serif;\"><i> English Centre <\/i><\/span><span style=\"font-family: Arial, serif;\">in Dauborn<\/span><i> <\/i><span style=\"font-family: Arial, serif;\">bietet<\/span><i> <\/i><span style=\"font-family: Arial, serif;\">an<\/span><span style=\"font-family: Arial, serif;\">: Gruppenkurse, Walk &amp; Talk, Experience English Day, Experience London Wochenende, Experience English Week in Wales, ma\u00dfgeschneidertes Business English Coaching, u.v.m.<\/span><\/p>\n<p><span style=\"font-family: Arial, serif;\">Ich w\u00fcnsche viel Erfolg und A Happy New Year!<\/span><\/p>\n<hr \/>\n<p>Dezember 2019<\/p>\n<p class=\"western\"><b><img loading=\"lazy\" decoding=\"async\" class=\"alignnone size-medium wp-image-700\" src=\"https:\/\/www.vetter-mcaw.net\/wp-content\/uploads\/2019\/12\/English-Tip-of-the-month-dec-300x200.jpg\" alt=\"\" width=\"300\" height=\"200\" srcset=\"https:\/\/www.vetter-mcaw.net\/wp-content\/uploads\/2019\/12\/English-Tip-of-the-month-dec-300x200.jpg 300w, https:\/\/www.vetter-mcaw.net\/wp-content\/uploads\/2019\/12\/English-Tip-of-the-month-dec.jpg 689w\" sizes=\"auto, (max-width: 300px) 100vw, 300px\" \/><\/b><\/p>\n<p class=\"western\"><strong><span style=\"color: #333399;\">Warum fliegen V\u00f6gel im Winter in den S\u00fcden?<\/span><\/strong><\/p>\n<p class=\"western\">Weil es zu Fu\u00df zu weit ist!<\/p>\n<p class=\"western\">Ja, das ist ein typischer Weihnachtswitz \u2013 ein \u201cCracker Joke\u201c.<\/p>\n<p class=\"western\">Die Engl\u00e4nder feiern Christmas am 25. Dezember, das ist der wichtigste Tag. Dann werden die Geschenke ausgepackt, die Kirche wird besucht und ein Festessen gestaltet. Pute wird gegessen und als Nachspeise der ber\u00fchmte \u201cPlum Pudding\u201c \u2013 der mit Brandy \u00fcbergossen und dann angez\u00fcndet zum Tisch getragen wird. Und beim Weihnachtsessen bekommt jeder einen Cracker, siehe Bild. In jedem Cracker ist eine Papierkrone \u2013 die man beim Essen tr\u00e4gt \u2013 ein kleines Spielzeug und ein Cracker Joke enthalten.<\/p>\n<p class=\"western\">Sind sie neugierig auf die englischen Traditionen geworden? Im English Center in Dauborn warten solche Erfahrungen auf Sie. Ich w\u00fcnsche allen Happy Christmas!<\/p>\n<hr \/>\n<p>November 2019<\/p>\n<p><img loading=\"lazy\" decoding=\"async\" class=\"size-medium wp-image-632 alignleft\" src=\"https:\/\/www.vetter-mcaw.net\/wp-content\/uploads\/2019\/11\/chris-liverani-9cd8qOgeNIY-unsplash-300x194.jpg\" alt=\"\" width=\"300\" height=\"194\" srcset=\"https:\/\/www.vetter-mcaw.net\/wp-content\/uploads\/2019\/11\/chris-liverani-9cd8qOgeNIY-unsplash-300x194.jpg 300w, https:\/\/www.vetter-mcaw.net\/wp-content\/uploads\/2019\/11\/chris-liverani-9cd8qOgeNIY-unsplash-768x497.jpg 768w, https:\/\/www.vetter-mcaw.net\/wp-content\/uploads\/2019\/11\/chris-liverani-9cd8qOgeNIY-unsplash-1024x663.jpg 1024w\" sizes=\"auto, (max-width: 300px) 100vw, 300px\" \/><\/p>\n<p class=\"western\"><strong><span style=\"color: #000080;\">\u201c<span style=\"font-family: Helvetica, serif;\">Lasst uns sch\u00fctteln die H\u00e4nde\u201d &#8211; oder nicht?<\/span><\/span><u><\/u><\/strong><\/p>\n<p class=\"western\"><span style=\"font-family: Helvetica, serif;\">Diesen Monat m\u00f6chte ich Ihnen einen Tipp zur Cultural Awareness geben.\u00a0<\/span><\/p>\n<p class=\"western\"><span style=\"font-family: Helvetica, serif;\">In Deutschland ist es normal und w\u00fcnschenswert, bei jeder Begegnung und Verabschiedung die Hand zu reichen. H\u00e4ndesch\u00fctteln geh\u00f6rt zur deutschen Kultur.<\/span><\/p>\n<p class=\"western\"><span style=\"font-family: Helvetica, serif;\">In Gro\u00dfbritannien ist das anders! Im Alltag gibt man nur bei der ersten Begegnung die Hand, also nur dann, wenn man sich kennenlernt: &#8222;Nice to <\/span><span style=\"font-family: Helvetica, serif;\"><u>meet<\/u><\/span><span style=\"font-family: Helvetica, serif;\"> you!&#8220;<\/span><\/p>\n<p class=\"western\"><span style=\"font-family: Helvetica, serif;\">Beim n\u00e4chsten Mal sagt man: &#8222;Nice to <\/span><span style=\"font-family: Helvetica, serif;\"><u>see<\/u><\/span><span style=\"font-family: Helvetica, serif;\"> you again!\u201c, aber die H\u00e4nde sch\u00fcttelt man nicht erneut.<\/span><\/p>\n<p class=\"western\"><span style=\"font-family: Helvetica, serif;\">In der Gesch\u00e4ftswelt ist ein H\u00e4ndesch\u00fctteln bei bestimmten Anl\u00e4ssen zus\u00e4tzlich angebracht, aber nicht immer!\u00a0<\/span><\/p>\n<p class=\"western\"><span style=\"font-family: Helvetica, serif;\">Wenn Sie Ihre Hand automatisch ausstrecken, wird man freundlicherweise die H\u00e4nde sch\u00fctteln, aber dabei denken: Ach ja, diese Deutschen!<\/span><\/p>\n<p class=\"western\"><span style=\"font-family: Helvetica, serif;\">Mein Tipp: Warten Sie ab, wie sich Ihr Gegen\u00fcber verh\u00e4lt.<\/span><\/p>\n<p><span style=\"color: #808080;\"><em>Photo by Chris Liverani on Unsplash<\/em><\/span><\/p>\n<hr \/>\n<p>Oktober 2019<\/p>\n<p><img loading=\"lazy\" decoding=\"async\" class=\"alignnone size-medium wp-image-631\" src=\"https:\/\/www.vetter-mcaw.net\/wp-content\/uploads\/2019\/11\/lina-trochez-ktPKyUs3Qjs-unsplash-300x200.jpg\" alt=\"\" width=\"300\" height=\"200\" srcset=\"https:\/\/www.vetter-mcaw.net\/wp-content\/uploads\/2019\/11\/lina-trochez-ktPKyUs3Qjs-unsplash-300x200.jpg 300w, https:\/\/www.vetter-mcaw.net\/wp-content\/uploads\/2019\/11\/lina-trochez-ktPKyUs3Qjs-unsplash-768x513.jpg 768w, https:\/\/www.vetter-mcaw.net\/wp-content\/uploads\/2019\/11\/lina-trochez-ktPKyUs3Qjs-unsplash-1024x684.jpg 1024w\" sizes=\"auto, (max-width: 300px) 100vw, 300px\" \/><\/p>\n<p class=\"western\"><span style=\"color: #333399;\"><b>&#8222;Bitte&#8220; ist nicht gleich &#8222;Please&#8220;<\/b><\/span><\/p>\n<p class=\"western\">Sehr oft, wenn man auf Deutsch \u201cbitte\u201d sagt, werden in English andere W\u00f6rter benutzt als &#8222;please&#8220;<\/p>\n<p class=\"western\">Ja, wenn man um etwas bittet, dann braucht man please: Can you help me, please?<\/p>\n<p class=\"western\">Es gibt aber Situationen, in denen &#8222;please&#8220; einfach falsch ist.<\/p>\n<p class=\"western\">Ich habe dich eben nicht verstanden und sage: Sorry?<\/p>\n<p class=\"western\">Ich reiche dir den Kaffee, den du wolltest und sage: Here you are.<\/p>\n<p class=\"western\">Du bedankst dich bei mir f\u00fcr den Kaffee, ich sage: You\u2019re welcome! oder My pleasure!<\/p>\n<p class=\"western\">Wir gehen in ein Restaurant und ich m\u00f6chte, dass du voran gehst und sage: After you!<\/p>\n<p><span style=\"color: #808080;\"><em>Photo by Lina Trochez on Unsplash<\/em><\/span><\/p>","protected":false},"excerpt":{"rendered":"<p>Mai 2022 Photo by Arno Smit on Unsplash May Day Die gesetzlichen Feiertage in Deutschland und England liegen oft an unterschiedlichen Tagen. Der Grund daf\u00fcr ist, dass englische Feiertage, die nicht an den Kirchenkalender gebunden sind, in der Regel auf einen Montag fallen. So liegt der Maifeiertag in England am Montag, dem 2. Mai 2022. &hellip; <a href=\"https:\/\/www.vetter-mcaw.net\/de\/business\/\" class=\"more-link\"><span class=\"screen-reader-text\">English Tip of the Month<\/span> weiterlesen<\/a><\/p>\n","protected":false},"author":1,"featured_media":0,"parent":0,"menu_order":0,"comment_status":"closed","ping_status":"closed","template":"","meta":{"footnotes":""},"class_list":["post-114","page","type-page","status-publish","hentry"],"_links":{"self":[{"href":"https:\/\/www.vetter-mcaw.net\/de\/wp-json\/wp\/v2\/pages\/114","targetHints":{"allow":["GET"]}}],"collection":[{"href":"https:\/\/www.vetter-mcaw.net\/de\/wp-json\/wp\/v2\/pages"}],"about":[{"href":"https:\/\/www.vetter-mcaw.net\/de\/wp-json\/wp\/v2\/types\/page"}],"author":[{"embeddable":true,"href":"https:\/\/www.vetter-mcaw.net\/de\/wp-json\/wp\/v2\/users\/1"}],"replies":[{"embeddable":true,"href":"https:\/\/www.vetter-mcaw.net\/de\/wp-json\/wp\/v2\/comments?post=114"}],"version-history":[{"count":34,"href":"https:\/\/www.vetter-mcaw.net\/de\/wp-json\/wp\/v2\/pages\/114\/revisions"}],"predecessor-version":[{"id":1008,"href":"https:\/\/www.vetter-mcaw.net\/de\/wp-json\/wp\/v2\/pages\/114\/revisions\/1008"}],"wp:attachment":[{"href":"https:\/\/www.vetter-mcaw.net\/de\/wp-json\/wp\/v2\/media?parent=114"}],"curies":[{"name":"wp","href":"https:\/\/api.w.org\/{rel}","templated":true}]}}